{"id":1441,"date":"2021-02-11T07:02:58","date_gmt":"2021-02-11T07:02:58","guid":{"rendered":"https:\/\/oiharte.com\/lege-oharra\/"},"modified":"2026-01-19T08:19:40","modified_gmt":"2026-01-19T08:19:40","slug":"aviso-legal","status":"publish","type":"page","link":"https:\/\/oiharte.com\/es\/aviso-legal\/","title":{"rendered":"Aviso legal"},"content":{"rendered":"<h1>Aviso legal<\/h1>\n<p>En cumplimiento de la Ley 34\/2002, de 11 de julio, de servicios de la sociedad de la informaci\u00f3n y de comercio electr\u00f3nico, Haritz Eguren Urrestarazule informa de que es titular del website\u00a0<a href=\"https:\/\/oiharte.com\">https:\/\/oiharte.com<\/a>. De acuerdo con la exigencia del art\u00edculo 10 de la citada Ley, Haritz Eguren Urrestarazu informa de los siguientes datos: El titular de esta p\u00e1gina web es Haritz Eguren Urrestarazu, con NIF 44128262W, con inscripci\u00f3n en el Registro Mercantil de Gipuzkoa, Tomo 2.468,\u00a0Folio 159 y domicilio social en Irukarate-gain auzoa, 20214 Zerain- Gipuzkoa. La direcci\u00f3n de correo electr\u00f3nico de contacto con la empresa es:\u00a0<a href=\"mailto:oiharte@oiharte.com\">oiharte@oiharte.com<\/a>.<\/p>\n<p><strong>Usuario y r\u00e9gimen de responsabilidades<\/strong><\/p>\n<p>La navegaci\u00f3n, acceso y uso por el website de Haritz Eguren Urrestarazu confiere la condici\u00f3n de usuario, por la que se aceptan, desde la navegaci\u00f3n por las p\u00e1ginas de Haritz Eguren Urrestarazu, todas las condiciones de uso aqu\u00ed establecidas sin perjuicio de la aplicaci\u00f3n de la correspondiente normativa de obligado cumplimiento legal seg\u00fan el caso.<\/p>\n<p>Las p\u00e1ginas web de Haritz Eguren Urrestarazu proporcionan gran diversidad de informaci\u00f3n, servicios y datos. El usuario asume su responsabilidad en el uso correcto del website. Esta responsablidad se extender\u00e1 a:<\/p>\n<ul>\n<li>La veracidad y licitud de las informaciones aportadas por el usuario en los formularios extendidos por Haritz Eguren Urrestarazu para el acceso a ciertos contenidos o servicios ofrecidos por las webs. Tambi\u00e9n ser\u00e1 responsable del uso que les d\u00e9 a las claves de acceso que haya obtenido con la cumplimentaci\u00f3n de los formularios mencionados.<\/li>\n<li>El uso de d\u00e9 la informaci\u00f3n, servicios y datos ofrecidos por Haritz Eguren Urrestarazu contrariamente a lo dispuesto por las presentes condiciones, la Ley, la moral, las buenas costumbres o el orden p\u00fablico, o que de cualquier otro modo puedan suponer lesi\u00f3n de los derechos de terceros o del mismo funcionamiento del website.<\/li>\n<\/ul>\n<p><strong>Pol\u00edtica de enlaces y exenciones de responsabilidad<\/strong><\/p>\n<p>Haritz Eguren Urrestarazu no se hace responsable del contenido de las p\u00e1ginas web a las que el usuario pueda acceder a trav\u00e9s de los enlaces establecidos en su website y declara que en ning\u00fan caso proceder\u00e1 a examinar o ejercitar ning\u00fan tipo de control sobre el contenido de otras p\u00e1ginas de la red.<\/p>\n<p>Asimismo, tampoco garantizar\u00e1 la disponibilidad t\u00e9cnica, exactitud, veracidad, validez o legalidad de p\u00e1ginas ajenas a su propiedad a las que se pueda acceder por medio de los enlaces.<\/p>\n<p>Haritz Eguren Urrestarazu declara haber adoptado todas las medidas necesarias para evitar cualesquiera da\u00f1os que, a los usuarios de su website, pudieran derivarse de la navegaci\u00f3n por sus p\u00e1ginas web. En consecuencia, Haritz Eguren Urrestarazu no se hace responsable, en ning\u00fan caso, de los eventuales da\u00f1os que por la navegaci\u00f3n por Internet pudiera sufrir el usuario.<\/p>\n<p><strong>Modificaciones<\/strong><\/p>\n<p>Haritz Eguren Urrestarazu. se reserva el derecho a realizar las modificaciones que considere oportunas, sin aviso previo, en el contenido de su website. Tanto en lo referente a los contenidos de la website, como en las condiciones de uso de la misma o en las condiciones generales de contrataci\u00f3n. Dichas modificaciones podr\u00e1n realizarse, a trav\u00e9s de su website, de cualquier forma, admisible en derecho y ser\u00e1n de obligado cumplimiento durante el tiempo en que se encuentren publicadas en la web y hasta que no sean modificadas v\u00e1lidamente por otras posteriores.<\/p>\n<p><strong>Reserva de cookies<\/strong><\/p>\n<p>Haritz Eguren Urrestarazu se reserva el derecho de utilizar cookies en la navegaci\u00f3n del usuario por su website para facilitar la personalizaci\u00f3n y comodidad de la navegaci\u00f3n. Siguiendo la pol\u00edtica de protecci\u00f3n de datos de la empresa, Haritz Eguren Urrestarazu informa que las cookies se asocian al usuario an\u00f3nimo y a su ordenador, y no proporcionan por s\u00ed el nombre y apellidos del usuario.<\/p>\n<p>El usuario tiene la posibilidad de configurar su navegador de modo que se le informe de la recepci\u00f3n de cookies, pudiendo, si as\u00ed lo desea, impedir que sean instaladas en su disco duro. No obstante, para el acceso a la website de Haritz Eguren Urrestarazu no ser\u00e1 preceptiva la instalaci\u00f3n de cookies.<\/p>\n<p><strong>Protecci\u00f3n de datos<\/strong><\/p>\n<p>De conformidad con lo que establece la Ley Org\u00e1nica 15\/1999 de Protecci\u00f3n de Datos de Car\u00e1cter Personal, Haritz Eguren Urrestarazu informa a los usuarios de su website de que los datos personales recabados por la empresa mediante los formularios sitos en sus p\u00e1ginas, ser\u00e1n introducidos en un fichero automatizado bajo la responsabilidad de Haritz Eguren Urrestarazu, con la finalidad de poder facilitar, agilizar y cumplir los compromisos establecidos entre ambas partes.<\/p>\n<p>As\u00ed mismo, Haritz Eguren Urrestarazu informa de la posibilidad de ejercer los derechos de acceso, cancelaci\u00f3n, rectificaci\u00f3n y oposici\u00f3n mediante un escrito a la direcci\u00f3n Haritz Eguren Urrestarazu, Irukarate-gain auzoa, 20214 Zerain- Gipuzkoa.<\/p>\n<p>Mientras no nos comunique lo contrario, entenderemos que sus datos no han sido modificados, que usted se compromete a notificarnos cualquier variaci\u00f3n y que tenemos el consentimiento para utilizarlos a fin de poder fidelizar la relaci\u00f3n entre las partes.<\/p>\n<p><strong>Propiedad intelectual<\/strong><\/p>\n<p>Los derechos de propiedad intelectual e industrial derivados de todos los textos, im\u00e1genes, as\u00ed como de los medios y formas de presentaci\u00f3n y montaje de sus p\u00e1ginas pertenecen, por s\u00ed o como cesionaria, a Haritz Eguren Urrestarazu. Ser\u00e1n, por consiguiente, obras protegidas como propiedad intelectual por el ordenamiento jur\u00eddico espa\u00f1ol, si\u00e9ndoles aplicables tanto la normativa espa\u00f1ola y comunitaria en este campo, como los tratados internacionales relativos a la materia y suscritos por Espa\u00f1a.<\/p>\n<p>Todos los derechos reservados. En cumplimiento de la Ley de la Propiedad Intelectual se proh\u00edbe expresamente la reproducci\u00f3n, distribuci\u00f3n, comunicaci\u00f3n p\u00fablica y utilizaci\u00f3n, de la totalidad o parte de los contenidos de sus p\u00e1ginas web sin el consentimiento expreso de Haritz Eguren Urrestarazu.<\/p>\n<p><strong>Acciones legales, legislaci\u00f3n aplicable y jurisdicci\u00f3n<\/strong><\/p>\n<p>Haritz Eguren Urrestarazu se reserva asimismo la facultad de presentar las acciones civiles o penales que considere oportunas por la utilizaci\u00f3n indebida de sus p\u00e1ginas web y contenidos o por el incumplimiento de las presentes condiciones.<\/p>\n<p>La relaci\u00f3n entre el usuario y Haritz Eguren Urrestarazu se regir\u00e1 por la normativa espa\u00f1ola vigente y ser\u00e1n competentes para decidir sobre cualquier controversia que se pudiera suscitar entre el usuario y Haritz Eguren Urrestarazu, los juzgados o tribunales propios de la localidad de Donostia.<\/p>\n","protected":false},"excerpt":{"rendered":"<p>Aviso legal En cumplimiento de la Ley 34\/2002, de 11 de julio, de servicios de la sociedad de la informaci\u00f3n y de comercio electr\u00f3nico, Haritz Eguren Urrestarazule informa de que&#8230;<\/p>\n","protected":false},"author":1,"featured_media":0,"parent":0,"menu_order":0,"comment_status":"closed","ping_status":"closed","template":"","meta":{"_mi_skip_tracking":false,"_monsterinsights_sitenote_active":false,"_monsterinsights_sitenote_note":"","_monsterinsights_sitenote_category":0,"footnotes":""},"aioseo_notices":[],"_links":{"self":[{"href":"https:\/\/oiharte.com\/es\/wp-json\/wp\/v2\/pages\/1441"}],"collection":[{"href":"https:\/\/oiharte.com\/es\/wp-json\/wp\/v2\/pages"}],"about":[{"href":"https:\/\/oiharte.com\/es\/wp-json\/wp\/v2\/types\/page"}],"author":[{"embeddable":true,"href":"https:\/\/oiharte.com\/es\/wp-json\/wp\/v2\/users\/1"}],"replies":[{"embeddable":true,"href":"https:\/\/oiharte.com\/es\/wp-json\/wp\/v2\/comments?post=1441"}],"version-history":[{"count":4,"href":"https:\/\/oiharte.com\/es\/wp-json\/wp\/v2\/pages\/1441\/revisions"}],"predecessor-version":[{"id":2268,"href":"https:\/\/oiharte.com\/es\/wp-json\/wp\/v2\/pages\/1441\/revisions\/2268"}],"wp:attachment":[{"href":"https:\/\/oiharte.com\/es\/wp-json\/wp\/v2\/media?parent=1441"}],"curies":[{"name":"wp","href":"https:\/\/api.w.org\/{rel}","templated":true}]}}