{"id":2254,"date":"2026-01-16T08:57:46","date_gmt":"2026-01-16T08:57:46","guid":{"rendered":"https:\/\/oiharte.com\/?page_id=2254"},"modified":"2026-01-16T08:58:01","modified_gmt":"2026-01-16T08:58:01","slug":"condiciones-de-compra","status":"publish","type":"page","link":"https:\/\/oiharte.com\/es\/condiciones-de-compra\/","title":{"rendered":"Condiciones de compra"},"content":{"rendered":"<h1>Condiciones de compra<\/h1>\n<p>Prohibida la venta de bebidas alcoh\u00f3licas a menores de 18 a\u00f1os<\/p>\n<p><strong>GENERAL<\/strong><\/p>\n<p>Las presentes condiciones regulan y son aplicables a todas las ventas realizadas por\u00a0<em>Tienda Sidreria Oiharte<\/em>.<\/p>\n<p>La realizaci\u00f3n de cualquier pedido supone que el cliente ha le\u00eddo y aceptado las presentes condiciones de venta.<\/p>\n<p><strong>PRECIOS<\/strong><\/p>\n<p>Los precios de los productos comercializados en\u00a0<em>Tienda Sidreria Oiharte\u00a0<\/em>se expresan en Euros, IVA incluido.<\/p>\n<p><em>Tienda Sidreria Oiharte <\/em>se reserva el derecho de modificar en cualquier momento los precios de venta que figuran en nuestra p\u00e1gina web.<\/p>\n<p><strong>OFERTAS \u2013 PROMOCIONES<\/strong><\/p>\n<p>Las ofertas y promociones publicadas por\u00a0<em>Tienda Sidreria Oiharte<\/em>\u00a0en la web ser\u00e1n v\u00e1lidas mientras se encuentren publicadas y dispongan de stock.<\/p>\n<p><strong>PEDIDOS<\/strong><\/p>\n<p>Los pedidos se realizar\u00e1n a trav\u00e9s de la web\u00a0<strong>www.oiharte.com<\/strong>\u00a0previa alta como usuario y facilitando los datos requeridos en el formulario de alta. El cliente deber\u00e1 facilitar una direcci\u00f3n de e-mail v\u00e1lida con la que\u00a0<em>Tienda Sidreria Oiharte<\/em>\u00a0pueda confirmar la recepci\u00f3n y aceptaci\u00f3n de su pedido.<\/p>\n<p>Realizar un pedido implica la plena aceptaci\u00f3n del precio, descripci\u00f3n del producto y de las presentes condiciones de venta.<\/p>\n<p><em>Tienda Sidreria Oiharte<\/em>\u00a0se reserva el derecho de anular un pedido si no se obtiene respuesta de pago por parte del cliente. Los env\u00edos se realizar\u00e1n una vez recibido el pago.<\/p>\n<p><strong>FORMAS\u00a0DE PAGO<\/strong><\/p>\n<p><em>Tienda de Sidreria Oiharte acepta<\/em> como formas de pago:<\/p>\n<ul>\n<li>La Tarjeta de Cr\u00e9dito y D\u00e9bito a trav\u00e9s de la pasarela de pago REDSYS que garantiza que los datos de su tarjeta de cr\u00e9dito\/d\u00e9bito viajan debidamente encriptados por la RED y nunca son facilitadas a nuestro comercio.<\/li>\n<\/ul>\n<p><strong>ENV\u00cdOS<\/strong><\/p>\n<p>Los pedidos se tramitan una vez recibido el pago y en un plazo m\u00e1ximo de 48h. Esto quiere decir que una vez se comprueba el pago, nuestro equipo prepara el pedido dentro de las 48h siguientes. Una vez preparado, se entrega\u00a0a la empresa de mensajer\u00eda.<\/p>\n<p>Una vez el pedido est\u00e1 en manos de la empresa de mensajer\u00eda, el cliente recibir\u00e1 su compra en su domicilio en 24\/48 horas (laborables) en Espa\u00f1a<\/p>\n<p>Todo esto supone un plazo de tramitaci\u00f3n del pedido de m\u00e1ximo 48h por el personal de nuestra tienda, m\u00e1s un plazo de 24\/48 horas adicionales de la empresa de mensajer\u00eda, lo que hace que el tiempo de entrega pueda variar entre dos y cuatro d\u00edas en circunstancias normales.<\/p>\n<p>Los gastos de env\u00edo ser\u00e1n detallados en cada proceso de compra y podr\u00e1n ser consultados sin necesidad de registro previo.<\/p>\n<p>Dependiendo del peso del paquete estas tarifas pueden verse incrementadas. Dicho incremento se detallar\u00e1 debidamente en el carrito de la compra.<\/p>\n<p><em>Tienda Sidreria Oiharte<\/em> no asumir\u00e1 ninguna responsabilidad cuando la entrega del producto no llegue a realizarse por ser los datos facilitados por el usuario falsos, inexactos o incompletos y tampoco se hace responsable de las posibles demoras en la entrega producidas por la empresa de mensajer\u00eda, una vez el pedido salga de las instalaciones de\u00a0<em>Tienda Sidreria Oiharte<\/em>.<\/p>\n<p>Para otras zonas de reparto o necesidades espec\u00edficas para su env\u00edo, el usuario puede ponerse en contacto con\u00a0<em>Tienda Sidreria Oiharte<\/em>\u00a0a trav\u00e9s de nuestro tel\u00e9fono o\u00a0email para buscar la opci\u00f3n que mejor se adapte a \u00e9l.<\/p>\n<p><strong>DEVOLUCIONES Y RECLAMACIONES<\/strong><\/p>\n<p>El usuario podr\u00e1 devolver cualquier art\u00edculo comprado en\u00a0<em>Tienda Sidreria Oiharte<\/em> en el plazo de 15 d\u00edas desde la fecha de recepci\u00f3n.<\/p>\n<p>Los art\u00edculos devueltos deber\u00e1n estar en perfectas condiciones, precintados (si fuera el caso) y en su embalaje original.<\/p>\n<p>NO SE REALIZAR\u00c1N CAMBIOS NI DEVOLUCIONES SOBRE PRODUCTOS QUE HAYAN SIDO ABIERTOS O DESPRECINTADOS.<\/p>\n<p>POR FAVOR, CERCI\u00d3RESE CUIDADOSAMENTE QUE EL PRODUCTO QUE COMPRA ES EL QUE DESEA.<\/p>\n<p>Para realizar una devoluci\u00f3n deber\u00e1 comunicarlo antes a\u00a0<em>Tienda Sidreria Oiharte<\/em>, envi\u00e1ndonos un email a\u00a0<a href=\"mailto:oiharte@oiharte.com\">oiharte@oiharte.com<\/a><\/p>\n<p>Las devoluciones que no hayan sido previamente comunicadas no ser\u00e1n aceptadas. Una vez recibidos los art\u00edculos,\u00a0<em>Tienda Sidreria Oiharte<\/em>\u00a0proceder\u00e1 a su reembolso.<\/p>\n<p>Si la causa de devoluci\u00f3n corresponde a un art\u00edculo defectuoso o err\u00f3neo,\u00a0<em>Tienda Sidreria Oiharte<\/em> correr\u00e1 con los gastos de devoluci\u00f3n y nuevo env\u00edo.<\/p>\n<p>Si el producto no le satisface o prefiere cambiarlo por otro, el usuario deber\u00e1 asumir los gastos de env\u00edo y devoluci\u00f3n.<\/p>\n","protected":false},"excerpt":{"rendered":"<p>Condiciones de compra Prohibida la venta de bebidas alcoh\u00f3licas a menores de 18 a\u00f1os GENERAL Las presentes condiciones regulan y son aplicables a todas las ventas realizadas por\u00a0Tienda Sidreria Oiharte&#8230;.<\/p>\n","protected":false},"author":1,"featured_media":0,"parent":0,"menu_order":0,"comment_status":"closed","ping_status":"closed","template":"","meta":{"_mi_skip_tracking":false,"_monsterinsights_sitenote_active":false,"_monsterinsights_sitenote_note":"","_monsterinsights_sitenote_category":0,"footnotes":""},"aioseo_notices":[],"_links":{"self":[{"href":"https:\/\/oiharte.com\/es\/wp-json\/wp\/v2\/pages\/2254"}],"collection":[{"href":"https:\/\/oiharte.com\/es\/wp-json\/wp\/v2\/pages"}],"about":[{"href":"https:\/\/oiharte.com\/es\/wp-json\/wp\/v2\/types\/page"}],"author":[{"embeddable":true,"href":"https:\/\/oiharte.com\/es\/wp-json\/wp\/v2\/users\/1"}],"replies":[{"embeddable":true,"href":"https:\/\/oiharte.com\/es\/wp-json\/wp\/v2\/comments?post=2254"}],"version-history":[{"count":2,"href":"https:\/\/oiharte.com\/es\/wp-json\/wp\/v2\/pages\/2254\/revisions"}],"predecessor-version":[{"id":2256,"href":"https:\/\/oiharte.com\/es\/wp-json\/wp\/v2\/pages\/2254\/revisions\/2256"}],"wp:attachment":[{"href":"https:\/\/oiharte.com\/es\/wp-json\/wp\/v2\/media?parent=2254"}],"curies":[{"name":"wp","href":"https:\/\/api.w.org\/{rel}","templated":true}]}}