{"id":2262,"date":"2026-01-19T08:08:33","date_gmt":"2026-01-19T08:08:33","guid":{"rendered":"https:\/\/oiharte.com\/?page_id=2262"},"modified":"2026-01-19T08:14:57","modified_gmt":"2026-01-19T08:14:57","slug":"politica-de-cookies","status":"publish","type":"page","link":"https:\/\/oiharte.com\/es\/politica-de-cookies\/","title":{"rendered":"Pol\u00edtica de cookies"},"content":{"rendered":"<h1><strong>Pol\u00edtica de cookies<\/strong><\/h1>\n<p><strong>\u00bfQu\u00e9 es una cookie?<\/strong><br \/>\nUna cookie es un archivo que se descarga en su ordenador al acceder a determinadas p\u00e1ginas web. Las cookies permiten a una p\u00e1gina web, entre otras cosas, almacenar y recuperar informaci\u00f3n sobre los h\u00e1bitos de navegaci\u00f3n de un usuario o de su equipo y, dependiendo de la informaci\u00f3n que contengan y de la forma en que utilice su equipo, pueden utilizarse para reconocer al usuario.<br \/>\nEl navegador del usuario memoriza las cookies en el disco duro \u00fanicamente durante la sesi\u00f3n actual, ocupando un espacio de memoria m\u00ednimo y sin perjudicar al ordenador. Las cookies no contienen ninguna informaci\u00f3n personal espec\u00edfica y la mayor\u00eda se eliminan al finalizar la sesi\u00f3n del navegador (son las llamadas cookies de sesi\u00f3n).<br \/>\nLa mayor\u00eda de los navegadores aceptan las cookies como est\u00e1ndar y, con independencia de ellas, permiten o impiden en los ajustes de seguridad las cookies temporales o memorizadas.<\/p>\n<p><strong>\u00bfQu\u00e9 tipos de cookies utiliza esta p\u00e1gina web?<\/strong><br \/>\n\u2022 <strong>Cookies t\u00e9cnicas<\/strong>: son aquellas que permiten al usuario navegar por una p\u00e1gina web, plataforma o aplicaci\u00f3n y utilizar las diferentes opciones o servicios que en ella existan, como, por ejemplo, controlar el tr\u00e1fico y la comunicaci\u00f3n de datos, identificar la sesi\u00f3n, acceder a partes de acceso restringido, recordar los elementos que integran un pedido, realizar el proceso de compra de un pedido, realizar la solicitud de inscripci\u00f3n o participaci\u00f3n en un evento, utilizar elementos de seguridad durante la navegaci\u00f3n, almacenar contenidos para la difusi\u00f3n de v\u00eddeos o sonido, o compartir contenidos a trav\u00e9s de redes sociales.<\/p>\n<p>\u2022 <strong>Cookies de personalizaci\u00f3n<\/strong>: son aquellas que permiten al usuario acceder al servicio con algunas caracter\u00edsticas de car\u00e1cter general predefinidas en funci\u00f3n de una serie de criterios en el terminal del usuario, como por ejemplo el idioma, el tipo de navegador a trav\u00e9s del cual accede al servicio, la configuraci\u00f3n regional desde donde accede al servicio, etc.<\/p>\n<p>\u2022 <strong>Cookies de an\u00e1lisis<\/strong>: son aquellas que, bien tratadas por nosotros o por terceros, nos permiten cuantificar el n\u00famero de usuarios y as\u00ed realizar la medici\u00f3n y an\u00e1lisis estad\u00edstico del uso que hacen los usuarios del servicio ofrecido. Para ello se analiza su navegaci\u00f3n en nuestra p\u00e1gina web con el fin de mejorar la oferta de productos o servicios que ofrecemos.<\/p>\n<p><strong>Cookies de terceros<\/strong><br \/>\nEl sitio web <a href=\"https:\/\/oiharte.com\/\">https:\/\/oiharte.com<\/a> puede utilizar servicios de terceros por cuenta de Haritz Eguren Urrestarazu, que recopilar\u00e1n informaci\u00f3n con fines estad\u00edsticos, de uso del sitio web por parte del usuario y para la prestaci\u00f3n de otros servicios relacionados con la actividad del sitio web y otros servicios de Internet.<\/p>\n<p>En particular, este sitio web utiliza Google Analytics, un servicio anal\u00edtico de web prestado por Google, Inc., con domicilio en 1600 Amphitheatre Parkway, Mountain View, California 94043, Estados Unidos. Para la prestaci\u00f3n de estos servicios, se utilizan cookies que recopilan informaci\u00f3n, incluida la direcci\u00f3n IP del usuario. Google transmitir\u00e1, tratar\u00e1 y almacenar\u00e1 esta informaci\u00f3n en la forma establecida en su sitio web. En consecuencia, dicha informaci\u00f3n podr\u00e1 ser transmitida a terceros cuando as\u00ed lo exija la ley o cuando dichos terceros procesen la informaci\u00f3n por cuenta de Google.<\/p>\n<p>El uso de este sitio web implica la aceptaci\u00f3n expresa por parte de los usuarios del tratamiento de la informaci\u00f3n recabada en la forma y con los fines anteriormente indicados. Asimismo, reconocen conocer la posibilidad de rechazar el tratamiento de dichos datos o informaci\u00f3n rechazando el uso de cookies mediante la selecci\u00f3n de la configuraci\u00f3n apropiada en su navegador. No obstante, esta opci\u00f3n de bloqueo de cookies en su navegador puede no permitir el pleno uso de todas las funcionalidades del sitio web.<\/p>\n<p>Puede usted permitir, bloquear o eliminar las cookies instaladas en su equipo mediante la configuraci\u00f3n de las opciones del navegador instalado en su ordenador:<\/p>\n<ul>\n<li><a href=\"http:\/\/support.google.com\/chrome\/bin\/answer.py?hl=eu&amp;answer=95647\">Chrome<\/a><\/li>\n<li><a href=\"http:\/\/windows.microsoft.com\/es-es\/windows7\/how-to-manage-cookies-in-internet-explorer-9\/\">Explorer<\/a><\/li>\n<li><a href=\"https:\/\/support.mozilla.org\/eu\/kb\/enable-and-disable-cookies-website-preferences\">Firefox<\/a><\/li>\n<li><a href=\"http:\/\/support.apple.com\/kb\/ph5042\">Safari<\/a><\/li>\n<\/ul>\n<p>Si tiene dudas sobre esta pol\u00edtica de cookies, puede ponerse en contacto con Haritz Eguren Urrestarazu en la siguiente direcci\u00f3n: <strong><a href=\"mailto:oiharte@oiharte.com\">oiharte@oiharte.com<\/a><\/strong>.<\/p>\n","protected":false},"excerpt":{"rendered":"<p>Pol\u00edtica de cookies \u00bfQu\u00e9 es una cookie? Una cookie es un archivo que se descarga en su ordenador al acceder a determinadas p\u00e1ginas web. Las cookies permiten a una p\u00e1gina&#8230;<\/p>\n","protected":false},"author":1,"featured_media":0,"parent":0,"menu_order":0,"comment_status":"closed","ping_status":"closed","template":"","meta":{"_mi_skip_tracking":false,"_monsterinsights_sitenote_active":false,"_monsterinsights_sitenote_note":"","_monsterinsights_sitenote_category":0,"footnotes":""},"aioseo_notices":[],"_links":{"self":[{"href":"https:\/\/oiharte.com\/es\/wp-json\/wp\/v2\/pages\/2262"}],"collection":[{"href":"https:\/\/oiharte.com\/es\/wp-json\/wp\/v2\/pages"}],"about":[{"href":"https:\/\/oiharte.com\/es\/wp-json\/wp\/v2\/types\/page"}],"author":[{"embeddable":true,"href":"https:\/\/oiharte.com\/es\/wp-json\/wp\/v2\/users\/1"}],"replies":[{"embeddable":true,"href":"https:\/\/oiharte.com\/es\/wp-json\/wp\/v2\/comments?post=2262"}],"version-history":[{"count":4,"href":"https:\/\/oiharte.com\/es\/wp-json\/wp\/v2\/pages\/2262\/revisions"}],"predecessor-version":[{"id":2266,"href":"https:\/\/oiharte.com\/es\/wp-json\/wp\/v2\/pages\/2262\/revisions\/2266"}],"wp:attachment":[{"href":"https:\/\/oiharte.com\/es\/wp-json\/wp\/v2\/media?parent=2262"}],"curies":[{"name":"wp","href":"https:\/\/api.w.org\/{rel}","templated":true}]}}